{"id":50,"date":"2021-01-22T12:22:08","date_gmt":"2021-01-22T12:22:08","guid":{"rendered":"http:\/\/yak-sm.ro\/?page_id=50"},"modified":"2025-09-03T20:15:41","modified_gmt":"2025-09-03T18:15:41","slug":"oferta-jucatoare-jucatori","status":"publish","type":"page","link":"http:\/\/yak-sm.ro\/?page_id=50","title":{"rendered":"Oferte juc\u0103tori\/juc\u0103toare"},"content":{"rendered":"\n<p class=\"has-text-align-center\"><strong><span style=\"color:#ff0613\" class=\"has-inline-color\">Pentru CV, video \u0219i orice alte informa\u021bii despre juc\u0103tori, contacta\u021bi-ne!<\/span><\/strong><\/p>\n\n\n\n<h1 class=\"wp-block-heading has-text-align-center\" id=\"jucatori-liberi-pentru-sezonul-2022-2023\"><mark style=\"background-color:rgba(0, 0, 0, 0)\" class=\"has-inline-color has-vivid-purple-color\"><strong>* Juc\u0103tori  pentru sezonul 2025\/202<\/strong><\/mark><strong><mark style=\"background-color:rgba(0, 0, 0, 0)\" class=\"has-inline-color has-vivid-purple-color\">6<\/mark><\/strong><\/h1>\n\n\n\n<p><strong>*Marek Vavra-2000, Goalkeeper, nationalitate Slovakia<\/strong><\/p>\n\n\n\n<p><strong>*AHMED SAID-2002, Goalkeeper, nationalitate Egyptean\u0103<\/strong><\/p>\n\n\n\n<p><strong>*KHALED MAHMOUD-1998, Right back, left hand, nationalitate Egyptean\u0103<\/strong><\/p>\n\n\n\n<p><strong><span class=\"has-inline-color has-black-color\">* Istvan Kovacsevics-2001, Center\/Playmaker, nationalitate Ungar\u0103<\/span><\/strong><\/p>\n\n\n\n<p><strong>*Oleksandr Moisieiev-1996, Goalkeeper, nationalitate Ukrainian\u0103<\/strong><\/p>\n\n\n\n<p><strong><strong>*<\/strong>Aleksandar Keri\u0107-1996, Right Wing, <mark style=\"background-color:rgba(0, 0, 0, 0)\" class=\"has-inline-color has-vivid-red-color\">left hand<\/mark>, <strong><strong>nationalitate<\/strong> Sarb\u0103<\/strong><\/strong><\/p>\n\n\n\n<p><strong><strong>*<\/strong>Stanislav Petrychko-1988, Center&amp;Left Back, <strong>nationalitate<\/strong> Ukrainian\u0103<\/strong><\/p>\n\n\n\n<p><strong><strong>*<\/strong>Vladimir Maslak-1992, Right Back, <strong>nationalitate<\/strong> Ukrainian\u0103<\/strong><\/p>\n\n\n\n<p><strong><mark style=\"background-color:rgba(0, 0, 0, 0)\" class=\"has-inline-color has-black-color\">* Dzamic Veliko -1995, Pivot\/Line Player, nationalitate Sarb\u0103<\/mark><\/strong><\/p>\n\n\n\n<p><strong>*Omar Ayman-1996, Right Wing, <mark style=\"background-color:rgba(0, 0, 0, 0)\" class=\"has-inline-color has-vivid-red-color\">left hand<\/mark>, nationalitate Egyptean\u0103<\/strong><\/p>\n\n\n\n<h1 class=\"wp-block-heading has-text-align-center\" id=\"jucatoare-libere-pentru-sezonul-2022-2023\"><strong><mark style=\"background-color:rgba(0, 0, 0, 0)\" class=\"has-inline-color has-vivid-purple-color\">* <strong>Juc\u0103toare  pentru sezonul 2025\/20<\/strong>26<\/mark><\/strong><\/h1>\n\n\n\n<p><strong>*Szidonia Puscas-2006, Left Wing, nationalitate Rom\u00e2n\u0103<\/strong><\/p>\n\n\n\n<p><strong>*Marija Petreska-2003, Line Player, nationalitate Makedonia<\/strong><\/p>\n\n\n\n<p><strong>*Andrea Rudincova-2003, Line Player, nationalitate Slovakia<\/strong><\/p>\n\n\n\n<p><strong><mark style=\"background-color:rgba(0, 0, 0, 0)\" class=\"has-inline-color has-black-color\"><strong>*<\/strong>Ivana Novakov-1987, Left Wing, <strong><strong><strong>nationalitate<\/strong><\/strong> S\u00e2rb\u0103<\/strong><\/mark><\/strong><\/p>\n\n\n\n<p>* <strong>Kincs\u0151 Bartha<\/strong>&#8211; ,<strong><mark style=\"background-color:rgba(0, 0, 0, 0)\" class=\"has-inline-color has-black-color\">Left Back, <strong><strong><strong>nationalitate<\/strong><\/strong> Rom\u00e2n\u0103\/Ungar\u0103<\/strong><\/mark><\/strong><\/p>\n\n\n\n<p><strong>*Oleksandra Zamyshliak &#8211; 1998, Right Back, left hand, nationalitate Ukrainian\u0103<\/strong><\/p>\n\n\n\n<p><strong>*<mark style=\"background-color:rgba(0, 0, 0, 0)\" class=\"has-inline-color has-black-color\">Desislava Encheva Nikolova &#8211; 1990, Goalkeeper, nationalitate Bulgar\u0103<\/mark><\/strong><\/p>\n\n\n\n<p><strong><span class=\"has-inline-color has-black-color\">*Emna Torkhani -2001, Center Back,  nationalitate Tunisian\u0103<\/span><\/strong> <\/p>\n\n\n\n<p><strong><span class=\"has-inline-color has-black-color\">*Rawaa Mejri -1996, Line Player,  nationalitate Tunisian\u0103 <\/span><\/strong><\/p>\n\n\n\n<p><strong><mark style=\"background-color:rgba(0, 0, 0, 0)\" class=\"has-inline-color has-black-color\">*Zaklina Mirkovic &#8211; 2000, Goalkeeper, nationalitate S\u00e2rb\u0103 &amp; Ukrainian\u0103<\/mark><\/strong><\/p>\n\n\n\n<p><strong><span class=\"has-inline-color has-black-color\">* Andrijana Janicic-1994, Left Wing, nationalitate Montenegru<\/span><\/strong><\/p>\n\n\n\n<p><strong><mark style=\"background-color:rgba(0, 0, 0, 0)\" class=\"has-inline-color has-black-color\">* Marija Tasevska -2000, Left Wing, nationalitate N.Makedon\u00e2<\/mark><\/strong><\/p>\n\n\n\n<p><strong><mark style=\"background-color:rgba(0, 0, 0, 0)\" class=\"has-inline-color has-black-color\">* Mayssa Maaref &#8211; 2000, Center Back, nationalitate Tunisian\u0103<\/mark><\/strong><\/p>\n\n\n\n<p><strong><strong>*<\/strong>Nikolina Ka\u017ei\u0107-2000, Left Wing, <strong><strong>nationalitate<\/strong><\/strong> Montenegru<\/strong><\/p>\n","protected":false},"excerpt":{"rendered":"<p>Pentru CV, video \u0219i orice alte informa\u021bii despre juc\u0103tori, contacta\u021bi-ne! * Juc\u0103tori pentru sezonul 2025\/2026 *Marek Vavra-2000, Goalkeeper, nationalitate Slovakia *AHMED SAID-2002, Goalkeeper, nationalitate Egyptean\u0103 *KHALED MAHMOUD-1998, Right back, left hand, nationalitate Egyptean\u0103 * Istvan Kovacsevics-2001, Center\/Playmaker, nationalitate Ungar\u0103 *Oleksandr Moisieiev-1996, Goalkeeper, nationalitate Ukrainian\u0103 *Aleksandar Keri\u0107-1996, Right Wing, left hand, nationalitate Sarb\u0103 *Stanislav Petrychko-1988, Center&amp;Left &hellip; <\/p>\n<p class=\"link-more\"><a href=\"http:\/\/yak-sm.ro\/?page_id=50\" class=\"more-link\">Continu\u0103 lectura<span class=\"screen-reader-text\"> \u201eOferte juc\u0103tori\/juc\u0103toare\u201d<\/span><\/a><\/p>\n","protected":false},"author":1,"featured_media":0,"parent":0,"menu_order":0,"comment_status":"closed","ping_status":"closed","template":"","meta":{"footnotes":""},"class_list":["post-50","page","type-page","status-publish","hentry"],"_links":{"self":[{"href":"http:\/\/yak-sm.ro\/index.php?rest_route=\/wp\/v2\/pages\/50","targetHints":{"allow":["GET"]}}],"collection":[{"href":"http:\/\/yak-sm.ro\/index.php?rest_route=\/wp\/v2\/pages"}],"about":[{"href":"http:\/\/yak-sm.ro\/index.php?rest_route=\/wp\/v2\/types\/page"}],"author":[{"embeddable":true,"href":"http:\/\/yak-sm.ro\/index.php?rest_route=\/wp\/v2\/users\/1"}],"replies":[{"embeddable":true,"href":"http:\/\/yak-sm.ro\/index.php?rest_route=%2Fwp%2Fv2%2Fcomments&post=50"}],"version-history":[{"count":61,"href":"http:\/\/yak-sm.ro\/index.php?rest_route=\/wp\/v2\/pages\/50\/revisions"}],"predecessor-version":[{"id":395,"href":"http:\/\/yak-sm.ro\/index.php?rest_route=\/wp\/v2\/pages\/50\/revisions\/395"}],"wp:attachment":[{"href":"http:\/\/yak-sm.ro\/index.php?rest_route=%2Fwp%2Fv2%2Fmedia&parent=50"}],"curies":[{"name":"wp","href":"https:\/\/api.w.org\/{rel}","templated":true}]}}