{"id":61,"date":"2021-01-22T12:40:44","date_gmt":"2021-01-22T12:40:44","guid":{"rendered":"http:\/\/yak-sm.ro\/?page_id=61"},"modified":"2026-02-11T19:28:00","modified_gmt":"2026-02-11T17:28:00","slug":"despre-noi","status":"publish","type":"page","link":"http:\/\/yak-sm.ro\/?page_id=61","title":{"rendered":"Despre noi"},"content":{"rendered":"\n<p><mark style=\"background-color:rgba(0, 0, 0, 0)\" class=\"has-inline-color has-vivid-red-color\"><strong>De-a lungul anilor, am v\u0103zut c\u0103 un num\u0103r imens de tineri sportivi vor s\u0103-\u0219i construiasc\u0103 o carier\u0103 \u00een str\u0103in\u0103tate, at\u00e2t \u00een sport, c\u00e2t \u0219i s\u0103 studieze. Acesta este un pas destul de dificil \u0219i foarte important \u00een via\u021ba unui sportiv. Din p\u0103cate, din experien\u021ba noastr\u0103, \u00een prezent, birourile mari de management nu se ocup\u0103 de tinerele talente care \u00eencearc\u0103 s\u0103 confirme \u00een diviziunile inferioare, deoarece acestea nu sunt preg\u0103tite pentru sportivi profesioni\u0219ti. Astfel, dorim s\u0103 oferim oportunit\u0103\u021bi nu doar juc\u0103torilor de top, ci \u0219i juc\u0103torilor tineri din diviziile inferioare pentru cariere interna\u021bionale, a\u0219a c\u0103 avem colaboratori \u00een fiecare \u021bar\u0103 care ne sus\u021bin sportivii \u00een toate.<\/strong><\/mark><\/p>\n\n\n\n<p><mark style=\"background-color:rgba(0, 0, 0, 0)\" class=\"has-inline-color has-vivid-red-color\"><strong>Reprezent\u0103m nu doar sportivii p\u00e2n\u0103 la contract, ci \u0219i 365 de zile pe an \/ 24 de ore pe zi. Nu suntem mul\u021bumi\u021bi de faptul c\u0103 unul dintre sportivii no\u0219tri \u0219i-a semnat contractul. Munca noastr\u0103 \u00eencepe abia dup\u0103 aceea, pe m\u0103sur\u0103 ce monitoriz\u0103m dezvoltarea lor continu\u0103, p\u0103str\u0103m leg\u0103tura cu antrenorii, managerii \u0219i, bine\u00een\u021beles, cu sportivul nostru. Un mediu familiar, o atmosfer\u0103 prietenoas\u0103, deoarece deviza noastr\u0103 este:<\/strong><\/mark> <mark style=\"background-color:rgba(0, 0, 0, 0)\" class=\"has-inline-color has-vivid-purple-color\"><strong>&#8222;because we care !&#8221;<\/strong><\/mark><mark style=\"background-color:rgba(0, 0, 0, 0)\" class=\"has-inline-color has-vivid-red-color\"><strong>.<\/strong><\/mark><\/p>\n\n\n\n<p><strong><span class=\"has-inline-color has-black-color\">Pe scurt, oferta noastr\u0103 este:<\/span><\/strong><\/p>\n\n\n\n<ul class=\"wp-block-list\">\n<li><strong><span class=\"has-inline-color has-black-color\">Management, intermediere \u0219i reprezentare sportiv\u0103 at\u00e2t pentru juc\u0103tori (fete \u0219i b\u0103ie\u021bi), c\u00e2t \u0219i pentru antrenori (fete \u0219i b\u0103ie\u021bi);<\/span><\/strong><\/li>\n\n\n\n<li><strong><span class=\"has-inline-color has-black-color\">Organizare \u0219i asisten\u021b\u0103 tehnic\u0103 \u00een organizarea de turnee, cupe \u0219i tabere de antrenament \/ cantonamente at\u00e2t \u00een \u021bar\u0103, c\u00e2t \u0219i \u00een str\u0103in\u0103tate;<\/span><\/strong><\/li>\n\n\n\n<li><strong><span class=\"has-inline-color has-black-color\">Producerea \u0219i v\u00e2nzarea de echipamente sportive personalizate pentru juc\u0103tori (fete \u0219i b\u0103ie\u021bi) \u0219i echipe;<\/span><\/strong><\/li>\n<\/ul>\n\n\n\n<figure class=\"wp-block-image size-large\"><img loading=\"lazy\" decoding=\"async\" width=\"683\" height=\"1024\" src=\"http:\/\/yak-sm.ro\/wp-content\/uploads\/2026\/02\/612610291_1317724180370971_3533407327504362801_n-683x1024.jpg\" alt=\"\" class=\"wp-image-391\" srcset=\"http:\/\/yak-sm.ro\/wp-content\/uploads\/2026\/02\/612610291_1317724180370971_3533407327504362801_n-683x1024.jpg 683w, http:\/\/yak-sm.ro\/wp-content\/uploads\/2026\/02\/612610291_1317724180370971_3533407327504362801_n-200x300.jpg 200w, http:\/\/yak-sm.ro\/wp-content\/uploads\/2026\/02\/612610291_1317724180370971_3533407327504362801_n-768x1152.jpg 768w, http:\/\/yak-sm.ro\/wp-content\/uploads\/2026\/02\/612610291_1317724180370971_3533407327504362801_n.jpg 1024w\" sizes=\"auto, (max-width: 683px) 100vw, 683px\" \/><\/figure>\n","protected":false},"excerpt":{"rendered":"<p>De-a lungul anilor, am v\u0103zut c\u0103 un num\u0103r imens de tineri sportivi vor s\u0103-\u0219i construiasc\u0103 o carier\u0103 \u00een str\u0103in\u0103tate, at\u00e2t \u00een sport, c\u00e2t \u0219i s\u0103 studieze. Acesta este un pas destul de dificil \u0219i foarte important \u00een via\u021ba unui sportiv. Din p\u0103cate, din experien\u021ba noastr\u0103, \u00een prezent, birourile mari de management nu se ocup\u0103 de &hellip; <\/p>\n<p class=\"link-more\"><a href=\"http:\/\/yak-sm.ro\/?page_id=61\" class=\"more-link\">Continu\u0103 lectura<span class=\"screen-reader-text\"> \u201eDespre noi\u201d<\/span><\/a><\/p>\n","protected":false},"author":1,"featured_media":0,"parent":0,"menu_order":0,"comment_status":"closed","ping_status":"closed","template":"","meta":{"footnotes":""},"class_list":["post-61","page","type-page","status-publish","hentry"],"_links":{"self":[{"href":"http:\/\/yak-sm.ro\/index.php?rest_route=\/wp\/v2\/pages\/61","targetHints":{"allow":["GET"]}}],"collection":[{"href":"http:\/\/yak-sm.ro\/index.php?rest_route=\/wp\/v2\/pages"}],"about":[{"href":"http:\/\/yak-sm.ro\/index.php?rest_route=\/wp\/v2\/types\/page"}],"author":[{"embeddable":true,"href":"http:\/\/yak-sm.ro\/index.php?rest_route=\/wp\/v2\/users\/1"}],"replies":[{"embeddable":true,"href":"http:\/\/yak-sm.ro\/index.php?rest_route=%2Fwp%2Fv2%2Fcomments&post=61"}],"version-history":[{"count":9,"href":"http:\/\/yak-sm.ro\/index.php?rest_route=\/wp\/v2\/pages\/61\/revisions"}],"predecessor-version":[{"id":392,"href":"http:\/\/yak-sm.ro\/index.php?rest_route=\/wp\/v2\/pages\/61\/revisions\/392"}],"wp:attachment":[{"href":"http:\/\/yak-sm.ro\/index.php?rest_route=%2Fwp%2Fv2%2Fmedia&parent=61"}],"curies":[{"name":"wp","href":"https:\/\/api.w.org\/{rel}","templated":true}]}}